{"id":42,"date":"2024-11-11T11:42:24","date_gmt":"2024-11-11T11:42:24","guid":{"rendered":"https:\/\/set.caf-fca.org\/accueil\/"},"modified":"2025-11-03T19:56:12","modified_gmt":"2025-11-03T19:56:12","slug":"accueil","status":"publish","type":"page","link":"https:\/\/set.caf-fca.org\/fr\/","title":{"rendered":"Accueil"},"content":{"rendered":" \n    <div data-aos-delay=\"500\" data-aos-duration=\"1000\" data-aos=\"fade-up\" class=\"swit-hero alignfull align wp-block-acf-hero\" style=\"background-image:url(https:\/\/set.caf-fca.org\/wp-content\/uploads\/2024\/11\/SET-Hero_331227004_L-min.jpg)\">\n        <div class=\"wp-block-group__inner-container\">\n            <div class=\"swit-hero__inner-content\">\n                                    <div class=\"swit-hero__heading\">\n                        <h1>Un avenir o\u00f9 l&rsquo;\u00e9quit\u00e9 est le pilier des m\u00e9tiers qualifi\u00e9s<\/h1>\n                    <\/div>\n                                                    <div class=\"swit-hero__text\">\n                        <p>En donnant la priorit\u00e9 \u00e0 l&rsquo;\u00e9quit\u00e9, nous cr\u00e9ons non seulement des opportunit\u00e9s pour lesgroupes sous-repr\u00e9sent\u00e9s, maisnous nous attaquons \u00e9galement aux p\u00e9nuries de main-d&rsquo;\u0153uvre qualifi\u00e9e au Canada, assurant ainsi un avenir durable et prosp\u00e8re aux m\u00e9tierssp\u00e9cialis\u00e9s.<\/p>\n                    <\/div>\n                            <\/div>\n        <\/div>\n    <\/div>\n    \n\n  \n            <div data-aos-delay=\"1000\" data-aos-duration=\"1000\" data-aos=\"fade-up\" style=\"margin-top:-130px;\" class=\"swit-cta-btns alignfull align wp-block-acf-cta-btns\">\n                                <a class=\"swit-cta-btns__link\" href=\"https:\/\/leadership.caf-fca.org\/\" target=\"_blank\" style=\"--bg-color: #003377;\">\n                        Programmes                    <\/a>\n                                    <a class=\"swit-cta-btns__link\" href=\"https:\/\/cafoundation.ca\" target=\"_blank\" style=\"--bg-color: #00a0b1;\">\n                        Fondation                    <\/a>\n                                    <a class=\"swit-cta-btns__link\" href=\"https:\/\/caf-fca.org\/research\/research-reports\/\" target=\"_blank\" style=\"--bg-color: #8c66ab;\">\n                        Ressources                    <\/a>\n                        <\/div>\n    \n\n\n<div class=\"wp-block-group alignfull is-layout-constrained wp-block-group-is-layout-constrained\" id=\"explorer\"><div class=\"wp-block-group__inner-container\">\n<div class=\"wp-block-columns is-style-revert-mobile is-layout-flex wp-container-core-columns-is-layout-1 wp-block-columns-is-layout-flex\">\n<div class=\"wp-block-column is-layout-flow wp-block-column-is-layout-flow\" data-aos=\"fade-up\" data-aos-delay=\"500\" data-aos-duration=\"1000\">\n<h2 class=\"wp-block-heading\">Pourquoi l&rsquo;\u00e9quit\u00e9 dans les m\u00e9tiers sp\u00e9cialis\u00e9s est essentielle<\/h2>\n\n\n\n<p>La diversit\u00e9, l&rsquo;\u00e9quit\u00e9, l&rsquo;inclusion et l&rsquo;accessibilit\u00e9 (DEIA) sont essentielles pour r\u00e9soudre lap\u00e9nurie de comp\u00e9tences au Canada. En faisant participer les populations prioritaires enmati\u00e8red&rsquo;\u00e9quit\u00e9, nous ne construisons pas seulement la main-d&rsquo;\u0153uvre de demain, maisnous dotons notre pays d&rsquo;un avantage concurrentiel significatif.<\/p>\n\n\n\n<p>Bien que le secteur des m\u00e9tiers sp\u00e9cialis\u00e9s \u00e9volue, la repr\u00e9sentation des femmes, des peuples autochtones, des personnes racialis\u00e9es, des personnes handicap\u00e9es, desnouveaux arrivants et d&rsquo;autres groupes prioritaires sur le plan de l&rsquo;\u00e9quit\u00e9 demeuredisproportionnellement faible. Nous nous engageons \u00e0 \u00e9liminer les obstacles syst\u00e9miqueset \u00e0 cr\u00e9er des voies permettant \u00e0 tous les Canadiens d&rsquo;acc\u00e9der \u00e0 des carri\u00e8res durables etgratifiantes dans les m\u00e9tiers sp\u00e9cialis\u00e9s.<\/p>\n\n\n\n<p>Pour parvenir \u00e0 l&rsquo;\u00e9quit\u00e9, il faut d&rsquo;abord comprendre les d\u00e9fis particuliers auxquels cesgroupes sont confront\u00e9s. Le FCA-CAF se consacre \u00e0 la recherche et \u00e0 l&rsquo;\u00e9laboration depolitiques et de solutions \u00e9clair\u00e9es qui \u00e9liminent ces obstacles.<\/p>\n\n\n\n<p class=\"has-purple-color has-text-color has-link-color has-medium-font-size wp-elements-51c87ce2a595bacdeac396ba39a9c0cb\"><strong>Aper\u00e7u des \u00e9l\u00e9ments cl\u00e9s<\/strong><\/p>\n\n\n\n<ul class=\"wp-block-list\">\n<li>Moins de 6 % des ouvriers qualifi\u00e9s sont des femmes.<\/li>\n\n\n\n<li>7 % des apprentis se d\u00e9clarent autochtones.<\/li>\n\n\n\n<li>Le Canada a besoin d&rsquo;environ 222 000nouveaux compagnons au cours des cinqprochaines ann\u00e9es pour r\u00e9pondre \u00e0 la demande future.<\/li>\n<\/ul>\n<\/div>\n\n\n\n<div class=\"wp-block-column is-layout-flow wp-block-column-is-layout-flow\" style=\"border-style:none;border-width:0px;flex-basis:55%\">\n<figure class=\"wp-block-image aligncenter size-full\" data-aos=\"fade-up\" data-aos-delay=\"500\" data-aos-duration=\"1000\"><img loading=\"lazy\" decoding=\"async\" width=\"2000\" height=\"1333\" src=\"https:\/\/set.caf-fca.org\/wp-content\/uploads\/2024\/11\/SET-Critical_673367872_L-min.jpg\" alt=\"\" class=\"wp-image-31\" srcset=\"https:\/\/set.caf-fca.org\/wp-content\/uploads\/2024\/11\/SET-Critical_673367872_L-min.jpg 2000w, https:\/\/set.caf-fca.org\/wp-content\/uploads\/2024\/11\/SET-Critical_673367872_L-min-300x200.jpg 300w, https:\/\/set.caf-fca.org\/wp-content\/uploads\/2024\/11\/SET-Critical_673367872_L-min-1024x682.jpg 1024w, https:\/\/set.caf-fca.org\/wp-content\/uploads\/2024\/11\/SET-Critical_673367872_L-min-768x512.jpg 768w, https:\/\/set.caf-fca.org\/wp-content\/uploads\/2024\/11\/SET-Critical_673367872_L-min-1536x1024.jpg 1536w\" sizes=\"auto, (max-width: 2000px) 100vw, 2000px\" \/><figcaption class=\"wp-element-caption\"><strong>S&rsquo;impliquer<br><\/strong>Le FCA-CAF est en train de cr\u00e9er une bo\u00eete \u00e0 outils sur l&rsquo;\u00e9quit\u00e9 afin d&rsquo;habiliter la communaut\u00e9 des m\u00e9tiers sp\u00e9ciali s\u00e9s. Si vous avez des ressources qui favorisent la diversit\u00e9, l&rsquo;\u00e9quit\u00e9, l&rsquo;inclusion et l&rsquo;accessibilit\u00e9 (DEIA), communiquez avec Emily \u00e0 <a href=\"mailto:emily@caf-fca.org\"><strong>emily@caf-fca.org<\/strong><\/a> pour partager vos outils et vos points de vue.<\/figcaption><\/figure>\n<\/div>\n<\/div>\n<\/div><\/div>\n\n\n\n<div class=\"wp-block-group alignfull is-layout-constrained wp-block-group-is-layout-constrained\" style=\"padding-top:0px\"><div class=\"wp-block-group__inner-container\">\n<div class=\"wp-block-columns is-style-default is-layout-flex wp-container-core-columns-is-layout-2 wp-block-columns-is-layout-flex\" style=\"margin-bottom:0px\">\n<div class=\"wp-block-column is-layout-flow wp-block-column-is-layout-flow\" style=\"padding-bottom:0px;flex-basis:55%\">\n<div class=\"wp-block-cover is-light\" style=\"padding-bottom:0px;min-height:100%;aspect-ratio:unset;\"><span aria-hidden=\"true\" class=\"wp-block-cover__background has-background-dim-0 has-background-dim\" style=\"background-color:#b1aaa0\"><\/span><img loading=\"lazy\" decoding=\"async\" width=\"2000\" height=\"1333\" class=\"wp-block-cover__image-background wp-image-41\" alt=\"\" src=\"https:\/\/set.caf-fca.org\/wp-content\/uploads\/2024\/11\/SET-Supporting_665860518_L-min.jpg\" data-object-fit=\"cover\" srcset=\"https:\/\/set.caf-fca.org\/wp-content\/uploads\/2024\/11\/SET-Supporting_665860518_L-min.jpg 2000w, https:\/\/set.caf-fca.org\/wp-content\/uploads\/2024\/11\/SET-Supporting_665860518_L-min-300x200.jpg 300w, https:\/\/set.caf-fca.org\/wp-content\/uploads\/2024\/11\/SET-Supporting_665860518_L-min-1024x682.jpg 1024w, https:\/\/set.caf-fca.org\/wp-content\/uploads\/2024\/11\/SET-Supporting_665860518_L-min-768x512.jpg 768w, https:\/\/set.caf-fca.org\/wp-content\/uploads\/2024\/11\/SET-Supporting_665860518_L-min-1536x1024.jpg 1536w\" sizes=\"auto, (max-width: 2000px) 100vw, 2000px\" \/><div class=\"wp-block-cover__inner-container is-layout-constrained wp-block-cover-is-layout-constrained\">\n<p class=\"has-text-align-center has-large-font-size\"><\/p>\n<\/div><\/div>\n<\/div>\n\n\n\n<div class=\"wp-block-column is-vertically-aligned-top is-layout-flow wp-block-column-is-layout-flow\" data-aos=\"fade-up\" data-aos-delay=\"500\" data-aos-duration=\"1000\">\n<h2 class=\"wp-block-heading\">Qu&rsquo;est-ce que le soutien \u00e0 l&rsquo;\u00e9quit\u00e9 dans les m\u00e9tiers sp\u00e9cialis\u00e9s ?<\/h2>\n\n\n\n<p>Soutenir l&rsquo;\u00e9quit\u00e9 dans les m\u00e9tiers (SET) est une initiative du FCA-CAF visant \u00e0 promouvoirla diversit\u00e9, l&rsquo;\u00e9quit\u00e9 et l&rsquo;inclusion dans le secteur des m\u00e9tiers sp\u00e9cialis\u00e9s au Canada. SETpr\u00e9conise l&rsquo;\u00e9limination des obstacles qui ont historiquement limit\u00e9 l&rsquo;acc\u00e8s des femmes,des peuples autochtones, des communaut\u00e9s 2SLGBTQIA+, des personnes racialis\u00e9es, despersonnes handicap\u00e9es et d&rsquo;autres groupes sous-repr\u00e9sent\u00e9s.<\/p>\n\n\n\n<p>Le FCA-CAF se consacre \u00e0 la promotion de la diversit\u00e9 et \u00e0 l&rsquo;\u00e9limination des obstaclesdans les m\u00e9tiers sp\u00e9cialis\u00e9s. Gr\u00e2ce \u00e0 des recherches critiques, nous pouvons susciter deschangements de politiques fond\u00e9s sur des donn\u00e9es probantes qui favorisent une industrieplus inclusive. Alors que nous nous pr\u00e9parons \u00e0 la conf\u00e9rence SET 2025, nous offrons despossibilit\u00e9s de parrainage uniques aux organisations qui s&rsquo;engagent \u00e0 faire progresserl&rsquo;\u00e9quit\u00e9. C&rsquo;est l&rsquo;occasion de s&rsquo;aligner sur notre mission, d&rsquo;entrer en contact avec lesprincipales parties prenantes et d&rsquo;avoir un impact durable sur la communaut\u00e9 des m\u00e9tierssp\u00e9cialis\u00e9s.<\/p>\n<\/div>\n<\/div>\n\n\n\n<hr class=\"wp-block-separator alignfull has-text-color has-red-color has-alpha-channel-opacity has-red-background-color has-background is-style-wide\" style=\"margin-top:0px\"\/>\n<\/div><\/div>\n\n\n\n<div class=\"wp-block-group alignfull is-layout-constrained wp-block-group-is-layout-constrained\" id=\"conf\u00e9rence\" style=\"padding-top:0px\"><div class=\"wp-block-group__inner-container\">\n<div class=\"wp-block-columns are-vertically-aligned-center is-style-revert-mobile is-layout-flex wp-container-core-columns-is-layout-3 wp-block-columns-is-layout-flex\">\n<div class=\"wp-block-column is-vertically-aligned-center is-layout-flow wp-block-column-is-layout-flow\" data-aos=\"fade-up\" data-aos-delay=\"500\" data-aos-duration=\"1000\">\n<h2 class=\"wp-block-heading\">Initiativesdu FCA-CAF en mati\u00e8re d&rsquo;\u00e9quit\u00e9<\/h2>\n\n\n\n<p>Le FCA-CAF dirige diverses initiatives visant \u00e0 favoriser l&rsquo;\u00e9quit\u00e9 dans lesm\u00e9tierssp\u00e9cialis\u00e9s, depuis la recherche et l&rsquo;\u00e9laboration de politiques jusqu&rsquo;aux programmes deformation professionnelle et aux partenariats avec les chefs de file de l&rsquo;industrie. Nosprojets comprennent le soutien aux femmes dans les m\u00e9tiers, le mentoratet led\u00e9veloppement du leadership, ainsi que les conf\u00e9rences publiques pour les gens dem\u00e9tier. Gr\u00e2ce \u00e0 l&rsquo;alliage et \u00e0 l&rsquo;engagement communautaire, nous \u00e9tablissons des liensdurables et suscitons le changement.<\/p>\n\n\n\n<div class=\"wp-block-buttons is-layout-flex wp-block-buttons-is-layout-flex\">\n<div class=\"wp-block-button is-style-btn-purple\"><a class=\"wp-block-button__link has-aqua-background-color has-background wp-element-button\" href=\"https:\/\/caf-fca.org\/fr\/initiatives-en-matiere-dequite\/\" style=\"border-top-left-radius:50px;border-bottom-left-radius:50px\" target=\"_blank\" rel=\"noreferrer noopener\">EN SAVOIR PLUS<\/a><\/div>\n<\/div>\n<\/div>\n\n\n\n<div class=\"wp-block-column is-vertically-aligned-center is-layout-flow wp-block-column-is-layout-flow\" style=\"flex-basis:60%\">\n<div class=\"wp-block-cover\" style=\"border-top-left-radius:200px;border-bottom-left-radius:200px;min-height:355px;aspect-ratio:unset;\" data-aos=\"fade-up\" data-aos-delay=\"500\" data-aos-duration=\"1000\"><span aria-hidden=\"true\" class=\"wp-block-cover__background has-purple-background-color has-background-dim-70 has-background-dim\"><\/span><img loading=\"lazy\" decoding=\"async\" width=\"2000\" height=\"1333\" class=\"wp-block-cover__image-background wp-image-32\" alt=\"\" src=\"https:\/\/set.caf-fca.org\/wp-content\/uploads\/2024\/11\/SET-Initiatives_420109556_L-min.jpg\" data-object-fit=\"cover\" srcset=\"https:\/\/set.caf-fca.org\/wp-content\/uploads\/2024\/11\/SET-Initiatives_420109556_L-min.jpg 2000w, https:\/\/set.caf-fca.org\/wp-content\/uploads\/2024\/11\/SET-Initiatives_420109556_L-min-300x200.jpg 300w, https:\/\/set.caf-fca.org\/wp-content\/uploads\/2024\/11\/SET-Initiatives_420109556_L-min-1024x682.jpg 1024w, https:\/\/set.caf-fca.org\/wp-content\/uploads\/2024\/11\/SET-Initiatives_420109556_L-min-768x512.jpg 768w, https:\/\/set.caf-fca.org\/wp-content\/uploads\/2024\/11\/SET-Initiatives_420109556_L-min-1536x1024.jpg 1536w\" sizes=\"auto, (max-width: 2000px) 100vw, 2000px\" \/><div class=\"wp-block-cover__inner-container is-layout-constrained wp-block-cover-is-layout-constrained\">\n<p><\/p>\n<\/div><\/div>\n<\/div>\n<\/div>\n<\/div><\/div>\n\n\n\n<div class=\"wp-block-group alignfull is-layout-constrained wp-block-group-is-layout-constrained\" id=\"rejoindre\" style=\"padding-top:0px\"><div class=\"wp-block-group__inner-container\">\n<div class=\"wp-block-columns are-vertically-aligned-center is-style-default is-layout-flex wp-container-core-columns-is-layout-4 wp-block-columns-is-layout-flex\">\n<div class=\"wp-block-column is-vertically-aligned-center is-layout-flow wp-block-column-is-layout-flow\" style=\"flex-basis:60%\">\n<div class=\"wp-block-cover\" style=\"border-top-left-radius:0px;border-top-right-radius:200px;border-bottom-left-radius:0px;border-bottom-right-radius:200px;min-height:355px;aspect-ratio:unset;\" data-aos=\"fade-up\" data-aos-delay=\"500\" data-aos-duration=\"1000\"><span aria-hidden=\"true\" class=\"wp-block-cover__background has-green-background-color has-background-dim-70 has-background-dim\"><\/span><img loading=\"lazy\" decoding=\"async\" width=\"2000\" height=\"1335\" class=\"wp-block-cover__image-background wp-image-30\" alt=\"\" src=\"https:\/\/set.caf-fca.org\/wp-content\/uploads\/2024\/11\/SET-Conference_162881160_L-min.jpg\" data-object-fit=\"cover\" srcset=\"https:\/\/set.caf-fca.org\/wp-content\/uploads\/2024\/11\/SET-Conference_162881160_L-min.jpg 2000w, https:\/\/set.caf-fca.org\/wp-content\/uploads\/2024\/11\/SET-Conference_162881160_L-min-300x200.jpg 300w, https:\/\/set.caf-fca.org\/wp-content\/uploads\/2024\/11\/SET-Conference_162881160_L-min-1024x684.jpg 1024w, https:\/\/set.caf-fca.org\/wp-content\/uploads\/2024\/11\/SET-Conference_162881160_L-min-768x513.jpg 768w, https:\/\/set.caf-fca.org\/wp-content\/uploads\/2024\/11\/SET-Conference_162881160_L-min-1536x1025.jpg 1536w\" sizes=\"auto, (max-width: 2000px) 100vw, 2000px\" \/><div class=\"wp-block-cover__inner-container is-layout-constrained wp-block-cover-is-layout-constrained\">\n<p><\/p>\n<\/div><\/div>\n<\/div>\n\n\n\n<div class=\"wp-block-column is-vertically-aligned-center is-layout-flow wp-block-column-is-layout-flow\" data-aos=\"fade-up\" data-aos-delay=\"500\" data-aos-duration=\"1000\">\n<h2 class=\"wp-block-heading\">R\u00e9servez la date!<\/h2>\n\n\n\n<p>Conf\u00e9rence sur l\u2019\u00e9quit\u00e9 dans les m\u00e9tiers sp\u00e9cialis\u00e9s (SET)<br>4 au 6 juin 2027<br>Fredericton, Nouveau-Brunswick<\/p>\n\n\n\n<p>Inscrivez ces dates \u00e0 votre agenda et joignez-vous aux professionnels des m\u00e9tiers sp\u00e9cialis\u00e9s, employeurs, \u00e9ducateurs, syndicats et d\u00e9cideurs de partout au Canada pour cet \u00e9v\u00e9nement national d\u2019importance. Plus de d\u00e9tails \u00e0 venir.<\/p>\n\n\n\n<div class=\"wp-block-buttons is-layout-flex wp-block-buttons-is-layout-flex\">\n<div class=\"wp-block-button is-style-btn-green\"><a class=\"wp-block-button__link wp-element-button\" href=\"#\" style=\"border-top-right-radius:50px;border-bottom-right-radius:50px\" target=\"_blank\" rel=\"noreferrer noopener\">\u00c0 venir<\/a><\/div>\n<\/div>\n<\/div>\n<\/div>\n<\/div><\/div>\n\n\n\n<p><\/p>\n","protected":false},"excerpt":{"rendered":"<p>Pourquoi l&rsquo;\u00e9quit\u00e9 dans les m\u00e9tiers sp\u00e9cialis\u00e9s est essentielle La diversit\u00e9, l&rsquo;\u00e9quit\u00e9, l&rsquo;inclusion et l&rsquo;accessibilit\u00e9 (DEIA) sont essentielles pour r\u00e9soudre lap\u00e9nurie de comp\u00e9tences au Canada. En faisant participer les populations prioritaires enmati\u00e8red&rsquo;\u00e9quit\u00e9, nous ne construisons pas seulement la main-d&rsquo;\u0153uvre de demain, maisnous dotons notre pays d&rsquo;un avantage concurrentiel significatif. Bien que le secteur des m\u00e9tiers sp\u00e9cialis\u00e9s [&hellip;]<\/p>\n","protected":false},"author":1,"featured_media":0,"parent":0,"menu_order":0,"comment_status":"closed","ping_status":"open","template":"","meta":{"_acf_changed":false,"footnotes":""},"class_list":["post-42","page","type-page","status-publish","hentry"],"acf":[],"yoast_head":"<!-- This site is optimized with the Yoast SEO plugin v25.1 - https:\/\/yoast.com\/wordpress\/plugins\/seo\/ -->\n<title>Accueil - Supporting Equity in Trades<\/title>\n<meta name=\"robots\" content=\"index, follow, max-snippet:-1, max-image-preview:large, max-video-preview:-1\" \/>\n<link rel=\"canonical\" href=\"https:\/\/set.caf-fca.org\/fr\/\" \/>\n<meta property=\"og:locale\" content=\"fr_FR\" \/>\n<meta property=\"og:type\" content=\"article\" \/>\n<meta property=\"og:title\" content=\"Accueil - Supporting Equity in Trades\" \/>\n<meta property=\"og:description\" content=\"Pourquoi l&rsquo;\u00e9quit\u00e9 dans les m\u00e9tiers sp\u00e9cialis\u00e9s est essentielle La diversit\u00e9, l&rsquo;\u00e9quit\u00e9, l&rsquo;inclusion et l&rsquo;accessibilit\u00e9 (DEIA) sont essentielles pour r\u00e9soudre lap\u00e9nurie de comp\u00e9tences au Canada. En faisant participer les populations prioritaires enmati\u00e8red&rsquo;\u00e9quit\u00e9, nous ne construisons pas seulement la main-d&rsquo;\u0153uvre de demain, maisnous dotons notre pays d&rsquo;un avantage concurrentiel significatif. Bien que le secteur des m\u00e9tiers sp\u00e9cialis\u00e9s [&hellip;]\" \/>\n<meta property=\"og:url\" content=\"https:\/\/set.caf-fca.org\/fr\/\" \/>\n<meta property=\"og:site_name\" content=\"Supporting Equity in Trades\" \/>\n<meta property=\"article:modified_time\" content=\"2025-11-03T19:56:12+00:00\" \/>\n<meta property=\"og:image\" content=\"https:\/\/set.caf-fca.org\/wp-content\/uploads\/2024\/11\/SET-Critical_673367872_L-min.jpg\" \/>\n\t<meta property=\"og:image:width\" content=\"2000\" \/>\n\t<meta property=\"og:image:height\" content=\"1333\" \/>\n\t<meta property=\"og:image:type\" content=\"image\/jpeg\" \/>\n<meta name=\"twitter:card\" content=\"summary_large_image\" \/>\n<meta name=\"twitter:label1\" content=\"Dur\u00e9e de lecture estim\u00e9e\" \/>\n\t<meta name=\"twitter:data1\" content=\"4 minutes\" \/>\n<script type=\"application\/ld+json\" class=\"yoast-schema-graph\">{\"@context\":\"https:\/\/schema.org\",\"@graph\":[{\"@type\":\"WebPage\",\"@id\":\"https:\/\/set.caf-fca.org\/fr\/\",\"url\":\"https:\/\/set.caf-fca.org\/fr\/\",\"name\":\"Accueil - Supporting Equity in Trades\",\"isPartOf\":{\"@id\":\"https:\/\/set.caf-fca.org\/#website\"},\"primaryImageOfPage\":{\"@id\":\"https:\/\/set.caf-fca.org\/fr\/#primaryimage\"},\"image\":{\"@id\":\"https:\/\/set.caf-fca.org\/fr\/#primaryimage\"},\"thumbnailUrl\":\"https:\/\/set.caf-fca.org\/wp-content\/uploads\/2024\/11\/SET-Critical_673367872_L-min.jpg\",\"datePublished\":\"2024-11-11T11:42:24+00:00\",\"dateModified\":\"2025-11-03T19:56:12+00:00\",\"breadcrumb\":{\"@id\":\"https:\/\/set.caf-fca.org\/fr\/#breadcrumb\"},\"inLanguage\":\"fr-FR\",\"potentialAction\":[{\"@type\":\"ReadAction\",\"target\":[\"https:\/\/set.caf-fca.org\/fr\/\"]}]},{\"@type\":\"ImageObject\",\"inLanguage\":\"fr-FR\",\"@id\":\"https:\/\/set.caf-fca.org\/fr\/#primaryimage\",\"url\":\"https:\/\/set.caf-fca.org\/wp-content\/uploads\/2024\/11\/SET-Critical_673367872_L-min.jpg\",\"contentUrl\":\"https:\/\/set.caf-fca.org\/wp-content\/uploads\/2024\/11\/SET-Critical_673367872_L-min.jpg\"},{\"@type\":\"BreadcrumbList\",\"@id\":\"https:\/\/set.caf-fca.org\/fr\/#breadcrumb\",\"itemListElement\":[{\"@type\":\"ListItem\",\"position\":1,\"name\":\"Home\",\"item\":\"https:\/\/set.caf-fca.org\/fr\/\"},{\"@type\":\"ListItem\",\"position\":2,\"name\":\"Accueil\"}]},{\"@type\":\"WebSite\",\"@id\":\"https:\/\/set.caf-fca.org\/#website\",\"url\":\"https:\/\/set.caf-fca.org\/\",\"name\":\"Supporting Equity in Trades\",\"description\":\"Canadian Apprenticeship Forum\",\"publisher\":{\"@id\":\"https:\/\/set.caf-fca.org\/#organization\"},\"potentialAction\":[{\"@type\":\"SearchAction\",\"target\":{\"@type\":\"EntryPoint\",\"urlTemplate\":\"https:\/\/set.caf-fca.org\/?s={search_term_string}\"},\"query-input\":{\"@type\":\"PropertyValueSpecification\",\"valueRequired\":true,\"valueName\":\"search_term_string\"}}],\"inLanguage\":\"fr-FR\"},{\"@type\":\"Organization\",\"@id\":\"https:\/\/set.caf-fca.org\/#organization\",\"name\":\"Supporting Equity in Trades\",\"url\":\"https:\/\/set.caf-fca.org\/\",\"logo\":{\"@type\":\"ImageObject\",\"inLanguage\":\"fr-FR\",\"@id\":\"https:\/\/set.caf-fca.org\/#\/schema\/logo\/image\/\",\"url\":\"https:\/\/set.caf-fca.org\/wp-content\/uploads\/2024\/11\/swit-fr-e1732119450758.png\",\"contentUrl\":\"https:\/\/set.caf-fca.org\/wp-content\/uploads\/2024\/11\/swit-fr-e1732119450758.png\",\"width\":1048,\"height\":395,\"caption\":\"Supporting Equity in Trades\"},\"image\":{\"@id\":\"https:\/\/set.caf-fca.org\/#\/schema\/logo\/image\/\"}}]}<\/script>\n<!-- \/ Yoast SEO plugin. -->","yoast_head_json":{"title":"Accueil - Supporting Equity in Trades","robots":{"index":"index","follow":"follow","max-snippet":"max-snippet:-1","max-image-preview":"max-image-preview:large","max-video-preview":"max-video-preview:-1"},"canonical":"https:\/\/set.caf-fca.org\/fr\/","og_locale":"fr_FR","og_type":"article","og_title":"Accueil - Supporting Equity in Trades","og_description":"Pourquoi l&rsquo;\u00e9quit\u00e9 dans les m\u00e9tiers sp\u00e9cialis\u00e9s est essentielle La diversit\u00e9, l&rsquo;\u00e9quit\u00e9, l&rsquo;inclusion et l&rsquo;accessibilit\u00e9 (DEIA) sont essentielles pour r\u00e9soudre lap\u00e9nurie de comp\u00e9tences au Canada. En faisant participer les populations prioritaires enmati\u00e8red&rsquo;\u00e9quit\u00e9, nous ne construisons pas seulement la main-d&rsquo;\u0153uvre de demain, maisnous dotons notre pays d&rsquo;un avantage concurrentiel significatif. Bien que le secteur des m\u00e9tiers sp\u00e9cialis\u00e9s [&hellip;]","og_url":"https:\/\/set.caf-fca.org\/fr\/","og_site_name":"Supporting Equity in Trades","article_modified_time":"2025-11-03T19:56:12+00:00","og_image":[{"width":2000,"height":1333,"url":"https:\/\/set.caf-fca.org\/wp-content\/uploads\/2024\/11\/SET-Critical_673367872_L-min.jpg","type":"image\/jpeg"}],"twitter_card":"summary_large_image","twitter_misc":{"Dur\u00e9e de lecture estim\u00e9e":"4 minutes"},"schema":{"@context":"https:\/\/schema.org","@graph":[{"@type":"WebPage","@id":"https:\/\/set.caf-fca.org\/fr\/","url":"https:\/\/set.caf-fca.org\/fr\/","name":"Accueil - Supporting Equity in Trades","isPartOf":{"@id":"https:\/\/set.caf-fca.org\/#website"},"primaryImageOfPage":{"@id":"https:\/\/set.caf-fca.org\/fr\/#primaryimage"},"image":{"@id":"https:\/\/set.caf-fca.org\/fr\/#primaryimage"},"thumbnailUrl":"https:\/\/set.caf-fca.org\/wp-content\/uploads\/2024\/11\/SET-Critical_673367872_L-min.jpg","datePublished":"2024-11-11T11:42:24+00:00","dateModified":"2025-11-03T19:56:12+00:00","breadcrumb":{"@id":"https:\/\/set.caf-fca.org\/fr\/#breadcrumb"},"inLanguage":"fr-FR","potentialAction":[{"@type":"ReadAction","target":["https:\/\/set.caf-fca.org\/fr\/"]}]},{"@type":"ImageObject","inLanguage":"fr-FR","@id":"https:\/\/set.caf-fca.org\/fr\/#primaryimage","url":"https:\/\/set.caf-fca.org\/wp-content\/uploads\/2024\/11\/SET-Critical_673367872_L-min.jpg","contentUrl":"https:\/\/set.caf-fca.org\/wp-content\/uploads\/2024\/11\/SET-Critical_673367872_L-min.jpg"},{"@type":"BreadcrumbList","@id":"https:\/\/set.caf-fca.org\/fr\/#breadcrumb","itemListElement":[{"@type":"ListItem","position":1,"name":"Home","item":"https:\/\/set.caf-fca.org\/fr\/"},{"@type":"ListItem","position":2,"name":"Accueil"}]},{"@type":"WebSite","@id":"https:\/\/set.caf-fca.org\/#website","url":"https:\/\/set.caf-fca.org\/","name":"Supporting Equity in Trades","description":"Canadian Apprenticeship Forum","publisher":{"@id":"https:\/\/set.caf-fca.org\/#organization"},"potentialAction":[{"@type":"SearchAction","target":{"@type":"EntryPoint","urlTemplate":"https:\/\/set.caf-fca.org\/?s={search_term_string}"},"query-input":{"@type":"PropertyValueSpecification","valueRequired":true,"valueName":"search_term_string"}}],"inLanguage":"fr-FR"},{"@type":"Organization","@id":"https:\/\/set.caf-fca.org\/#organization","name":"Supporting Equity in Trades","url":"https:\/\/set.caf-fca.org\/","logo":{"@type":"ImageObject","inLanguage":"fr-FR","@id":"https:\/\/set.caf-fca.org\/#\/schema\/logo\/image\/","url":"https:\/\/set.caf-fca.org\/wp-content\/uploads\/2024\/11\/swit-fr-e1732119450758.png","contentUrl":"https:\/\/set.caf-fca.org\/wp-content\/uploads\/2024\/11\/swit-fr-e1732119450758.png","width":1048,"height":395,"caption":"Supporting Equity in Trades"},"image":{"@id":"https:\/\/set.caf-fca.org\/#\/schema\/logo\/image\/"}}]}},"_links":{"self":[{"href":"https:\/\/set.caf-fca.org\/fr\/wp-json\/wp\/v2\/pages\/42","targetHints":{"allow":["GET"]}}],"collection":[{"href":"https:\/\/set.caf-fca.org\/fr\/wp-json\/wp\/v2\/pages"}],"about":[{"href":"https:\/\/set.caf-fca.org\/fr\/wp-json\/wp\/v2\/types\/page"}],"author":[{"embeddable":true,"href":"https:\/\/set.caf-fca.org\/fr\/wp-json\/wp\/v2\/users\/1"}],"replies":[{"embeddable":true,"href":"https:\/\/set.caf-fca.org\/fr\/wp-json\/wp\/v2\/comments?post=42"}],"version-history":[{"count":43,"href":"https:\/\/set.caf-fca.org\/fr\/wp-json\/wp\/v2\/pages\/42\/revisions"}],"predecessor-version":[{"id":230,"href":"https:\/\/set.caf-fca.org\/fr\/wp-json\/wp\/v2\/pages\/42\/revisions\/230"}],"wp:attachment":[{"href":"https:\/\/set.caf-fca.org\/fr\/wp-json\/wp\/v2\/media?parent=42"}],"curies":[{"name":"wp","href":"https:\/\/api.w.org\/{rel}","templated":true}]}}